{"id":642,"date":"2024-06-18T12:55:23","date_gmt":"2024-06-18T12:55:23","guid":{"rendered":"https:\/\/befolocarole.com\/?page_id=642"},"modified":"2025-04-25T12:44:12","modified_gmt":"2025-04-25T12:44:12","slug":"menus","status":"publish","type":"page","link":"https:\/\/befolocarole.com\/en\/menus","title":{"rendered":"At-home chef"},"content":{"rendered":"<p>[et_pb_section fb_built=\u00a0\u00bb1&Prime; admin_label=\u00a0\u00bbHeader\u00a0\u00bb _builder_version=\u00a0\u00bb4.27.0&Prime; _module_preset=\u00a0\u00bbdefault\u00a0\u00bb use_background_color_gradient=\u00a0\u00bbon\u00a0\u00bb background_color_gradient_stops=\u00a0\u00bbrgba(0,0,0,0.5) 0%|rgba(0,0,0,0.5) 100%\u00a0\u00bb background_color_gradient_overlays_image=\u00a0\u00bbon\u00a0\u00bb background_image=\u00a0\u00bbhttps:\/\/befolocarole.com\/wp-content\/uploads\/2025\/02\/Carole-Ascensoir-23-scaled.jpg\u00a0\u00bb custom_padding=\u00a0\u00bb|10%|87px|10%|false|true\u00a0\u00bb locked=\u00a0\u00bboff\u00a0\u00bb collapsed=\u00a0\u00bbon\u00a0\u00bb global_colors_info=\u00a0\u00bb{}\u00a0\u00bb][et_pb_row _builder_version=\u00a0\u00bb4.24.1&Prime; _module_preset=\u00a0\u00bbdefault\u00a0\u00bb width=\u00a0\u00bb100%\u00a0\u00bb max_width=\u00a0\u00bb2000px\u00a0\u00bb global_colors_info=\u00a0\u00bb{}\u00a0\u00bb][et_pb_column type=\u00a0\u00bb4_4&Prime; _builder_version=\u00a0\u00bb4.24.1&Prime; _module_preset=\u00a0\u00bbdefault\u00a0\u00bb global_colors_info=\u00a0\u00bb{}\u00a0\u00bb][et_pb_text _builder_version=\u00a0\u00bb4.27.0&Prime; _module_preset=\u00a0\u00bb_initial\u00a0\u00bb text_font=\u00a0\u00bb&#8211;et_global_heading_font||||||||\u00a0\u00bb header_font=\u00a0\u00bb&#8211;et_global_heading_font|||on|||||\u00a0\u00bb header_text_color=\u00a0\u00bb#FFFFFF\u00a0\u00bb header_font_size=\u00a0\u00bb55px\u00a0\u00bb header_line_height=\u00a0\u00bb1.3em\u00a0\u00bb text_orientation=\u00a0\u00bbcenter\u00a0\u00bb custom_margin=\u00a0\u00bb47px||10px||false|false\u00a0\u00bb header_font_size_tablet=\u00a0\u00bb40px\u00a0\u00bb header_font_size_phone=\u00a0\u00bb26px\u00a0\u00bb header_font_size_last_edited=\u00a0\u00bbon|desktop\u00a0\u00bb global_colors_info=\u00a0\u00bb{}\u00a0\u00bb]<\/p>\n<h1>cheffe priv\u00e9e \u00e0 domicile<\/h1>\n<p>[\/et_pb_text][\/et_pb_column][\/et_pb_row][\/et_pb_section][et_pb_section fb_built=\u00a0\u00bb1&Prime; _builder_version=\u00a0\u00bb4.25.1&Prime; _module_preset=\u00a0\u00bbdefault\u00a0\u00bb custom_margin=\u00a0\u00bb-5px|||||\u00a0\u00bb custom_padding=\u00a0\u00bb14px||48px|||\u00a0\u00bb global_colors_info=\u00a0\u00bb{}\u00a0\u00bb][et_pb_row _builder_version=\u00a0\u00bb4.25.1&Prime; _module_preset=\u00a0\u00bbdefault\u00a0\u00bb custom_margin=\u00a0\u00bb9px|auto||auto||\u00a0\u00bb custom_padding=\u00a0\u00bb20px||0px|||\u00a0\u00bb global_colors_info=\u00a0\u00bb{}\u00a0\u00bb][et_pb_column type=\u00a0\u00bb4_4&Prime; _builder_version=\u00a0\u00bb4.25.1&Prime; _module_preset=\u00a0\u00bbdefault\u00a0\u00bb global_colors_info=\u00a0\u00bb{}\u00a0\u00bb][et_pb_text _builder_version=\u00a0\u00bb4.27.0&Prime; _module_preset=\u00a0\u00bbdefault\u00a0\u00bb text_text_color=\u00a0\u00bb#000000&Prime; header_text_color=\u00a0\u00bb#000000&Prime; header_2_font=\u00a0\u00bbAboreto||||||||\u00a0\u00bb header_2_text_color=\u00a0\u00bb#000000&Prime; header_2_font_size=\u00a0\u00bb32px\u00a0\u00bb custom_margin=\u00a0\u00bb||9px|||\u00a0\u00bb global_colors_info=\u00a0\u00bb{}\u00a0\u00bb]<\/p>\n<h2 style=\"text-align: center;\">d\u00e9couvrez les menus<\/h2>\n<p>[\/et_pb_text][et_pb_divider color=\u00a0\u00bb#2c1914&Prime; divider_weight=\u00a0\u00bb5px\u00a0\u00bb _builder_version=\u00a0\u00bb4.27.0&Prime; _module_preset=\u00a0\u00bbdefault\u00a0\u00bb width=\u00a0\u00bb13%\u00a0\u00bb module_alignment=\u00a0\u00bbcenter\u00a0\u00bb global_colors_info=\u00a0\u00bb{}\u00a0\u00bb][\/et_pb_divider][\/et_pb_column][\/et_pb_row][et_pb_row column_structure=\u00a0\u00bb1_2,1_2&Prime; _builder_version=\u00a0\u00bb4.27.0&Prime; _module_preset=\u00a0\u00bbdefault\u00a0\u00bb custom_padding=\u00a0\u00bb43px|||||\u00a0\u00bb global_colors_info=\u00a0\u00bb{}\u00a0\u00bb][et_pb_column type=\u00a0\u00bb1_2&Prime; _builder_version=\u00a0\u00bb4.27.0&Prime; _module_preset=\u00a0\u00bbdefault\u00a0\u00bb global_colors_info=\u00a0\u00bb{}\u00a0\u00bb][et_pb_toggle title=\u00a0\u00bbMenu africanisant &#8211; d\u00e9jeuner\u00a0\u00bb open_toggle_background_color=\u00a0\u00bb#FFFFFF\u00a0\u00bb closed_toggle_text_color=\u00a0\u00bb#000000&Prime; toggle_icon=\u00a0\u00bb&#x33;||divi||400&Prime; _builder_version=\u00a0\u00bb4.27.0&Prime; _module_preset=\u00a0\u00bbdefault\u00a0\u00bb title_level=\u00a0\u00bbh1&Prime; title_text_align=\u00a0\u00bbcenter\u00a0\u00bb title_font_size=\u00a0\u00bb20px\u00a0\u00bb closed_title_font_size=\u00a0\u00bb20px\u00a0\u00bb body_font_size=\u00a0\u00bb11px\u00a0\u00bb background_color=\u00a0\u00bb#ffffff\u00a0\u00bb module_alignment=\u00a0\u00bbcenter\u00a0\u00bb custom_margin=\u00a0\u00bb-2px|||||\u00a0\u00bb box_shadow_style=\u00a0\u00bbpreset3&Prime; box_shadow_horizontal=\u00a0\u00bb-4px\u00a0\u00bb box_shadow_blur=\u00a0\u00bb22px\u00a0\u00bb box_shadow_spread=\u00a0\u00bb-13px\u00a0\u00bb global_colors_info=\u00a0\u00bb{}\u00a0\u00bb]<\/p>\n<h4 style=\"text-align: center;\">Retour du march\u00e9<\/h4>\n<p style=\"text-align: center;\">\u0152uf marbr\u00e9 au bissap,<br \/>\u00e9mulsion de lait fum\u00e9<\/p>\n<p style=\"text-align: center;\">Supr\u00eame de poulet fa\u00e7on maf\u00e9<br \/>ou<br \/>Haricots rouges \u00e0 la camerounaise,<br \/>cuits avec tomates et crevettes s\u00e9ch\u00e9es, servis avec des beignets souffl\u00e9s<\/p>\n<h4 style=\"text-align: center;\">Dessert<\/h4>\n<p style=\"text-align: center;\">Verger exotique<\/p>\n<p style=\"text-align: center;\">\n<p style=\"text-align: center;\"><strong>(Uniquement servi le midi. Ce menu change chaque semaine)<\/strong><\/p>\n<h4 style=\"text-align: center;\">45 CHF<\/h4>\n<p>[\/et_pb_toggle][et_pb_toggle title=\u00a0\u00bbVEGGIE WEEK\u00a0\u00bb open_toggle_text_color=\u00a0\u00bb#000000&Prime; open_toggle_background_color=\u00a0\u00bb#FFFFFF\u00a0\u00bb closed_toggle_text_color=\u00a0\u00bb#000000&Prime; toggle_icon=\u00a0\u00bb&#x33;||divi||400&Prime; _builder_version=\u00a0\u00bb4.27.0&Prime; _module_preset=\u00a0\u00bbdefault\u00a0\u00bb title_text_color=\u00a0\u00bb#000000&Prime; title_level=\u00a0\u00bbh1&Prime; title_text_align=\u00a0\u00bbcenter\u00a0\u00bb title_font_size=\u00a0\u00bb20px\u00a0\u00bb closed_title_font_size=\u00a0\u00bb20px\u00a0\u00bb body_font_size=\u00a0\u00bb11px\u00a0\u00bb background_color=\u00a0\u00bb#ffffff\u00a0\u00bb module_alignment=\u00a0\u00bbcenter\u00a0\u00bb custom_margin=\u00a0\u00bb33px|||||\u00a0\u00bb box_shadow_style=\u00a0\u00bbpreset3&Prime; box_shadow_horizontal=\u00a0\u00bb-4px\u00a0\u00bb box_shadow_blur=\u00a0\u00bb22px\u00a0\u00bb box_shadow_spread=\u00a0\u00bb-13px\u00a0\u00bb global_colors_info=\u00a0\u00bb{}\u00a0\u00bb]<\/p>\n<p style=\"text-align: center;\">Jardiniere de Racine et tubercule<\/p>\n<p style=\"text-align: center;\">L\u2019igname r\u00f4ti , sauce meucaba<br \/>\u00ab\u00a0Sauce graine\u00a0\u00bb<\/p>\n<p style=\"text-align: center;\">La carotte, juste une carotte<\/p>\n<p style=\"text-align: center;\">Le verg\u00e9 exotique<\/p>\n<p>[\/et_pb_toggle][\/et_pb_column][et_pb_column type=\u00a0\u00bb1_2&Prime; _builder_version=\u00a0\u00bb4.27.0&Prime; _module_preset=\u00a0\u00bbdefault\u00a0\u00bb global_colors_info=\u00a0\u00bb{}\u00a0\u00bb][et_pb_toggle title=\u00a0\u00bbMenu africanisant &#8211; D\u00eener\u00a0\u00bb open_toggle_text_color=\u00a0\u00bb#000000&Prime; open_toggle_background_color=\u00a0\u00bb#FFFFFF\u00a0\u00bb closed_toggle_text_color=\u00a0\u00bb#000000&Prime; toggle_icon=\u00a0\u00bb&#x33;||divi||400&Prime; _builder_version=\u00a0\u00bb4.27.0&Prime; _module_preset=\u00a0\u00bbdefault\u00a0\u00bb title_text_color=\u00a0\u00bb#000000&Prime; title_level=\u00a0\u00bbh1&Prime; title_text_align=\u00a0\u00bbcenter\u00a0\u00bb title_font_size=\u00a0\u00bb20px\u00a0\u00bb closed_title_font_size=\u00a0\u00bb20px\u00a0\u00bb body_font_size=\u00a0\u00bb11px\u00a0\u00bb background_color=\u00a0\u00bb#ffffff\u00a0\u00bb module_alignment=\u00a0\u00bbcenter\u00a0\u00bb custom_margin=\u00a0\u00bb-2px|||||\u00a0\u00bb box_shadow_style=\u00a0\u00bbpreset3&Prime; box_shadow_horizontal=\u00a0\u00bb-4px\u00a0\u00bb box_shadow_blur=\u00a0\u00bb22px\u00a0\u00bb box_shadow_spread=\u00a0\u00bb-13px\u00a0\u00bb global_colors_info=\u00a0\u00bb{}\u00a0\u00bb]<\/p>\n<h4 style=\"text-align: center;\"><\/h4>\n<h4 style=\"text-align: center;\"><\/h4>\n<p style=\"text-align: center;\">\n<h4 style=\"text-align: center;\">H\u00e9ritage Camerounais<\/h4>\n<p style=\"text-align: center;\">Trilogie de traditions : Koki, Ikomba, Nkonda, hommage aux saveurs ancestrales du Cameroun.<\/p>\n<p style=\"text-align: center;\">\u2e3b<\/p>\n<h4 style=\"text-align: center;\">Les Racines de la Terre<\/h4>\n<p style=\"text-align: center;\">Jardini\u00e8re de manioc, igname, taro, macabo et autres tubercules, r\u00f4tis avec d\u00e9licatesse dans un jus de mangue et miel de C\u00f4te d\u2019Ivoire.<\/p>\n<p style=\"text-align: center;\">\u2e3b<\/p>\n<h4 style=\"text-align: center;\">L\u2019\u0152uf Perle d\u2019Afrique<\/h4>\n<p style=\"text-align: center;\">\u0152uf marbr\u00e9 au bissap, espuma de lait fum\u00e9 aux Mendjanga, tuile de tapioca croustillante et jeunes pousses en vinaigrette noisette.<\/p>\n<p style=\"text-align: center;\">\u2e3b<\/p>\n<h4 style=\"text-align: center;\">Tr\u00e9sor du Littoral<\/h4>\n<p style=\"text-align: center;\">Sole juste cuite<br \/>sublim\u00e9e par une sauce Bongo-Tchobby, accompagn\u00e9e d\u2019un press\u00e9 de patates douces confites dix heures au poivre noir de Penja et au quatre c\u00f4t\u00e9s.<\/p>\n<h4 style=\"text-align: center;\">L\u2019\u00c2me du Maf\u00e9<\/h4>\n<p style=\"text-align: center;\">Sauce d\u2019arachide onctueuse, au choix : pigeon r\u00f4ti ou poulet fermier tendre, accompagn\u00e9e d\u2019une cr\u00e8me de manioc et chips croustillantes.<\/p>\n<p style=\"text-align: center;\">\u2e3b<\/p>\n<h4 style=\"text-align: center;\">Terre Intense<\/h4>\n<p style=\"text-align: center;\">Un voyage gourmand entre cacao et caf\u00e9, une ode aux terres africaines.<\/p>\n<h5 style=\"text-align: center;\">98 CHF<\/h5>\n<p style=\"text-align: center;\">\n<p>[\/et_pb_toggle][et_pb_toggle title=\u00a0\u00bbMenu signature &#8211; d\u00eener\u00a0\u00bb open_toggle_text_color=\u00a0\u00bb#000000&Prime; open_toggle_background_color=\u00a0\u00bb#FFFFFF\u00a0\u00bb closed_toggle_text_color=\u00a0\u00bb#000000&Prime; toggle_icon=\u00a0\u00bb&#x33;||divi||400&Prime; _builder_version=\u00a0\u00bb4.27.0&Prime; _module_preset=\u00a0\u00bbdefault\u00a0\u00bb title_text_color=\u00a0\u00bb#000000&Prime; title_level=\u00a0\u00bbh1&Prime; title_text_align=\u00a0\u00bbcenter\u00a0\u00bb title_font_size=\u00a0\u00bb20px\u00a0\u00bb closed_title_font_size=\u00a0\u00bb20px\u00a0\u00bb body_font_size=\u00a0\u00bb11px\u00a0\u00bb background_color=\u00a0\u00bb#ffffff\u00a0\u00bb module_alignment=\u00a0\u00bbcenter\u00a0\u00bb custom_margin=\u00a0\u00bb33px|||||\u00a0\u00bb box_shadow_style=\u00a0\u00bbpreset3&Prime; box_shadow_horizontal=\u00a0\u00bb-4px\u00a0\u00bb box_shadow_blur=\u00a0\u00bb22px\u00a0\u00bb box_shadow_spread=\u00a0\u00bb-13px\u00a0\u00bb global_colors_info=\u00a0\u00bb{}\u00a0\u00bb]<\/p>\n<h4 style=\"text-align: center;\"><\/h4>\n<h4 style=\"text-align: center;\">Le carpaccio de st-Jacques<\/h4>\n<p style=\"text-align: center;\">Carpaccio de Saint-Jacques, \u00e9clats de fra\u00eecheur au gingembre, combava, citron jaune et huile de noix et framboises acidul\u00e9es.<\/p>\n<p style=\"text-align: center;\">\u2e3b<\/p>\n<h5 style=\"text-align: center;\">Entr\u00e9e | L\u2019\u0152uf Fum\u00e9e des Terres<\/h5>\n<p style=\"text-align: center;\">\u0152uf parfait au lait fum\u00e9, espuma soyeuse et tuile de tapioca<\/p>\n<p style=\"text-align: center;\">\u2e3b<\/p>\n<h5 style=\"text-align: center;\">Ormeaux fa\u00e7ons captown<\/h5>\n<p style=\"text-align: center;\">Ormeaux fondants, cuits et battus douze heures, saut\u00e9s avec rutabaga et betterave jaune confite, relev\u00e9s par une \u00e9mulsion d\u2019absinthe odorante.<\/p>\n<p style=\"text-align: center;\">\u2e3b<\/p>\n<h5 style=\"text-align: center;\">\u00a0Le Chocolat et l\u2019Agneau<\/h5>\n<p style=\"text-align: center;\">Selle d\u2019agneau fondante, twist chocolat\u00e9, cr\u00e8me de panais velout\u00e9e et mini-l\u00e9gumes confits.<\/p>\n<p style=\"text-align: center;\">\u2e3b<\/p>\n<h4 style=\"text-align: center;\">\u00a0Le verger exotique<\/h4>\n<p>&nbsp;<\/p>\n<h5 style=\"text-align: center;\"><span style=\"font-size: 16px;\">88 chf<\/span><\/h5>\n<p>[\/et_pb_toggle][\/et_pb_column][\/et_pb_row][\/et_pb_section][et_pb_section fb_built=\u00a0\u00bb1&Prime; _builder_version=\u00a0\u00bb4.25.1&Prime; _module_preset=\u00a0\u00bbdefault\u00a0\u00bb background_color=\u00a0\u00bb#efece4&Prime; custom_margin=\u00a0\u00bb4px|||||\u00a0\u00bb custom_padding=\u00a0\u00bb4px||5px|||\u00a0\u00bb global_colors_info=\u00a0\u00bb{}\u00a0\u00bb][et_pb_row column_structure=\u00a0\u00bb1_2,1_2&Prime; _builder_version=\u00a0\u00bb4.25.1&Prime; _module_preset=\u00a0\u00bbdefault\u00a0\u00bb background_enable_color=\u00a0\u00bboff\u00a0\u00bb max_width=\u00a0\u00bb100%\u00a0\u00bb custom_margin=\u00a0\u00bb29px|auto||auto||\u00a0\u00bb custom_padding=\u00a0\u00bb||33px|||\u00a0\u00bb global_colors_info=\u00a0\u00bb{}\u00a0\u00bb][et_pb_column type=\u00a0\u00bb1_2&Prime; _builder_version=\u00a0\u00bb4.25.1&Prime; _module_preset=\u00a0\u00bbdefault\u00a0\u00bb global_colors_info=\u00a0\u00bb{}\u00a0\u00bb][et_pb_text _builder_version=\u00a0\u00bb4.25.1&Prime; _module_preset=\u00a0\u00bbdefault\u00a0\u00bb text_text_color=\u00a0\u00bb#000000&Prime; header_text_color=\u00a0\u00bb#000000&Prime; header_2_font=\u00a0\u00bbAboreto||||||||\u00a0\u00bb header_2_text_color=\u00a0\u00bb#000000&Prime; header_2_font_size=\u00a0\u00bb32px\u00a0\u00bb custom_margin=\u00a0\u00bb||9px|||\u00a0\u00bb global_colors_info=\u00a0\u00bb{}\u00a0\u00bb]<\/p>\n<h2>uNe exp\u00e9rience unique<\/h2>\n<p>[\/et_pb_text][et_pb_divider color=\u00a0\u00bb#2c1914&Prime; divider_weight=\u00a0\u00bb5px\u00a0\u00bb _builder_version=\u00a0\u00bb4.25.1&Prime; _module_preset=\u00a0\u00bbdefault\u00a0\u00bb width=\u00a0\u00bb12%\u00a0\u00bb module_alignment=\u00a0\u00bbleft\u00a0\u00bb global_colors_info=\u00a0\u00bb{}\u00a0\u00bb][\/et_pb_divider][et_pb_text _builder_version=\u00a0\u00bb4.25.1&Prime; _module_preset=\u00a0\u00bbdefault\u00a0\u00bb text_line_height=\u00a0\u00bb2em\u00a0\u00bb header_2_font=\u00a0\u00bbCovered By Your Grace||||||||\u00a0\u00bb header_2_font_size=\u00a0\u00bb75px\u00a0\u00bb header_2_letter_spacing=\u00a0\u00bb5px\u00a0\u00bb header_2_line_height=\u00a0\u00bb1.2em\u00a0\u00bb custom_margin=\u00a0\u00bb||34px|||\u00a0\u00bb custom_margin_tablet=\u00a0\u00bb||30px||false|false\u00a0\u00bb custom_margin_last_edited=\u00a0\u00bboff|desktop\u00a0\u00bb text_font_size_tablet=\u00a0\u00bb14px\u00a0\u00bb text_font_size_phone=\u00a0\u00bb\u00a0\u00bb text_font_size_last_edited=\u00a0\u00bbon|phone\u00a0\u00bb header_2_font_size_tablet=\u00a0\u00bb45px\u00a0\u00bb header_2_font_size_phone=\u00a0\u00bb35px\u00a0\u00bb header_2_font_size_last_edited=\u00a0\u00bbon|phone\u00a0\u00bb locked=\u00a0\u00bboff\u00a0\u00bb global_colors_info=\u00a0\u00bb{}\u00a0\u00bb]<\/p>\n<p style=\"text-align: justify;\">En tant que cheffe cuisini\u00e8re \u00e0 domicile, je vous invite \u00e0 savourer des exp\u00e9riences gastronomiques uniques, directement dans le confort de votre maison. Je s\u00e9lectionne avec soin les meilleurs ingr\u00e9dients, souvent issus de producteurs locaux, pour garantir des plats de haute qualit\u00e9 et aux saveurs authentiques. Offrez-vous et \u00e0 vos invit\u00e9s une exp\u00e9rience culinaire exceptionnelle avec une pr\u00e9sentation raffin\u00e9e et un service attentionn\u00e9. Chaque repas devient un \u00e9v\u00e9nement m\u00e9morable. De plus, je m&rsquo;adapte \u00e0 vos horaires et \u00e0 vos besoins sp\u00e9cifiques. Que vous ayez des restrictions alimentaires ou des demandes particuli\u00e8res, je suis \u00e0 votre \u00e9coute pour faire de chaque repas un moment unique et d\u00e9licieux. N&rsquo;h\u00e9sitez pas \u00e0 me contacter si vous avez des demandes, besoins sp\u00e9cifiques ou des questions.<\/p>\n<p>[\/et_pb_text][et_pb_button button_url=\u00a0\u00bbhttps:\/\/befolocarole.com\/reserver\u00a0\u00bb button_text=\u00a0\u00bbCONTACTez-moi\u00a0\u00bb button_alignment=\u00a0\u00bbcenter\u00a0\u00bb _builder_version=\u00a0\u00bb4.25.1&Prime; custom_button=\u00a0\u00bbon\u00a0\u00bb button_text_size=\u00a0\u00bb14px\u00a0\u00bb button_bg_color=\u00a0\u00bb#c8b4a5&Prime; button_border_width=\u00a0\u00bb12px\u00a0\u00bb button_border_color=\u00a0\u00bb#c8b4a5&Prime; button_border_radius=\u00a0\u00bb0px\u00a0\u00bb button_letter_spacing=\u00a0\u00bb4px\u00a0\u00bb button_font=\u00a0\u00bbNunito Sans|700||on|||||\u00a0\u00bb button_icon=\u00a0\u00bb&#x24;||divi||400&Prime; background_layout=\u00a0\u00bbdark\u00a0\u00bb custom_margin=\u00a0\u00bb||16px|||\u00a0\u00bb animation_direction=\u00a0\u00bbtop\u00a0\u00bb global_colors_info=\u00a0\u00bb{}\u00a0\u00bb button_text_size__hover_enabled=\u00a0\u00bboff\u00a0\u00bb button_one_text_size__hover_enabled=\u00a0\u00bboff\u00a0\u00bb button_two_text_size__hover_enabled=\u00a0\u00bboff\u00a0\u00bb button_text_color__hover_enabled=\u00a0\u00bboff\u00a0\u00bb button_one_text_color__hover_enabled=\u00a0\u00bboff\u00a0\u00bb button_two_text_color__hover_enabled=\u00a0\u00bboff\u00a0\u00bb button_border_width__hover_enabled=\u00a0\u00bboff\u00a0\u00bb button_one_border_width__hover_enabled=\u00a0\u00bboff\u00a0\u00bb button_two_border_width__hover_enabled=\u00a0\u00bboff\u00a0\u00bb button_border_color__hover_enabled=\u00a0\u00bboff\u00a0\u00bb button_one_border_color__hover_enabled=\u00a0\u00bboff\u00a0\u00bb button_two_border_color__hover_enabled=\u00a0\u00bboff\u00a0\u00bb button_border_radius__hover_enabled=\u00a0\u00bboff\u00a0\u00bb button_one_border_radius__hover_enabled=\u00a0\u00bboff\u00a0\u00bb button_two_border_radius__hover_enabled=\u00a0\u00bboff\u00a0\u00bb button_letter_spacing__hover_enabled=\u00a0\u00bboff\u00a0\u00bb button_one_letter_spacing__hover_enabled=\u00a0\u00bboff\u00a0\u00bb button_two_letter_spacing__hover_enabled=\u00a0\u00bboff\u00a0\u00bb button_bg_color__hover_enabled=\u00a0\u00bboff\u00a0\u00bb button_one_bg_color__hover_enabled=\u00a0\u00bboff\u00a0\u00bb button_two_bg_color__hover_enabled=\u00a0\u00bboff\u00a0\u00bb][\/et_pb_button][\/et_pb_column][et_pb_column type=\u00a0\u00bb1_2&Prime; _builder_version=\u00a0\u00bb4.25.1&Prime; _module_preset=\u00a0\u00bbdefault\u00a0\u00bb background_image=\u00a0\u00bbhttps:\/\/befolocarole.com\/wp-content\/uploads\/2024\/06\/image00002-e1717779891792.jpg\u00a0\u00bb global_colors_info=\u00a0\u00bb{}\u00a0\u00bb][et_pb_image src=\u00a0\u00bbhttps:\/\/befolocarole.com\/wp-content\/uploads\/2024\/06\/image00014-scaled-e1717779675547.jpg\u00a0\u00bb title_text=\u00a0\u00bbimage00014&Prime; _builder_version=\u00a0\u00bb4.25.1&Prime; _module_preset=\u00a0\u00bbdefault\u00a0\u00bb global_colors_info=\u00a0\u00bb{}\u00a0\u00bb][\/et_pb_image][\/et_pb_column][\/et_pb_row][\/et_pb_section][et_pb_section fb_built=\u00a0\u00bb1&Prime; admin_label=\u00a0\u00bbMenu\u00a0\u00bb _builder_version=\u00a0\u00bb4.24.1&Prime; _module_preset=\u00a0\u00bbdefault\u00a0\u00bb custom_padding=\u00a0\u00bb4px||18px|||\u00a0\u00bb collapsed=\u00a0\u00bbon\u00a0\u00bb global_colors_info=\u00a0\u00bb{}\u00a0\u00bb][et_pb_row _builder_version=\u00a0\u00bb4.25.1&Prime; _module_preset=\u00a0\u00bbdefault\u00a0\u00bb background_enable_color=\u00a0\u00bboff\u00a0\u00bb max_width=\u00a0\u00bb100%\u00a0\u00bb custom_margin=\u00a0\u00bb29px|auto||auto||\u00a0\u00bb custom_padding=\u00a0\u00bb||0px|||\u00a0\u00bb global_colors_info=\u00a0\u00bb{}\u00a0\u00bb][et_pb_column type=\u00a0\u00bb4_4&Prime; _builder_version=\u00a0\u00bb4.25.1&Prime; _module_preset=\u00a0\u00bbdefault\u00a0\u00bb global_colors_info=\u00a0\u00bb{}\u00a0\u00bb][et_pb_text _builder_version=\u00a0\u00bb4.25.1&Prime; _module_preset=\u00a0\u00bbdefault\u00a0\u00bb text_text_color=\u00a0\u00bb#000000&Prime; header_text_color=\u00a0\u00bb#000000&Prime; header_2_font=\u00a0\u00bbAboreto||||||||\u00a0\u00bb header_2_text_color=\u00a0\u00bb#000000&Prime; header_2_font_size=\u00a0\u00bb32px\u00a0\u00bb custom_margin=\u00a0\u00bb||9px|||\u00a0\u00bb global_colors_info=\u00a0\u00bb{}\u00a0\u00bb]<\/p>\n<h2>R\u00e9server votre exp\u00e9rience<\/h2>\n<p>[\/et_pb_text][et_pb_divider color=\u00a0\u00bb#2c1914&Prime; divider_weight=\u00a0\u00bb5px\u00a0\u00bb _builder_version=\u00a0\u00bb4.25.1&Prime; _module_preset=\u00a0\u00bbdefault\u00a0\u00bb width=\u00a0\u00bb12%\u00a0\u00bb module_alignment=\u00a0\u00bbleft\u00a0\u00bb global_colors_info=\u00a0\u00bb{}\u00a0\u00bb][\/et_pb_divider][\/et_pb_column][\/et_pb_row][et_pb_row _builder_version=\u00a0\u00bb4.25.1&Prime; _module_preset=\u00a0\u00bbdefault\u00a0\u00bb custom_margin=\u00a0\u00bb-9px|auto|-17px|auto||\u00a0\u00bb custom_padding=\u00a0\u00bb6px||2px|||\u00a0\u00bb global_colors_info=\u00a0\u00bb{}\u00a0\u00bb][et_pb_column type=\u00a0\u00bb4_4&Prime; _builder_version=\u00a0\u00bb4.25.1&Prime; _module_preset=\u00a0\u00bbdefault\u00a0\u00bb global_colors_info=\u00a0\u00bb{}\u00a0\u00bb][divi_step_booking booking_params=\u00a0\u00bbon\u00a0\u00bb categories=\u00a0\u00bb1&Prime; _builder_version=\u00a0\u00bb4.25.1&Prime; _module_preset=\u00a0\u00bbdefault\u00a0\u00bb custom_margin=\u00a0\u00bb-55px|||||\u00a0\u00bb global_colors_info=\u00a0\u00bb{}\u00a0\u00bb][\/divi_step_booking][\/et_pb_column][\/et_pb_row][\/et_pb_section]<\/p>\n","protected":false},"excerpt":{"rendered":"<p>cheffe priv\u00e9e \u00e0 domiciled\u00e9couvrez les menusRetour du march\u00e9 \u0152uf marbr\u00e9 au bissap,\u00e9mulsion de lait fum\u00e9 Supr\u00eame de poulet fa\u00e7on maf\u00e9ouHaricots rouges \u00e0 la camerounaise,cuits avec tomates et crevettes s\u00e9ch\u00e9es, servis avec des beignets souffl\u00e9s Dessert Verger exotique (Uniquement servi le midi. Ce menu change chaque semaine) 45 CHFJardiniere de Racine et tubercule L\u2019igname r\u00f4ti , [&hellip;]<\/p>\n","protected":false},"author":1,"featured_media":0,"parent":0,"menu_order":0,"comment_status":"closed","ping_status":"closed","template":"","meta":{"_et_pb_use_builder":"on","_et_pb_old_content":"","_et_gb_content_width":"","footnotes":""},"class_list":["post-642","page","type-page","status-publish","hentry"],"jetpack_sharing_enabled":true,"_links":{"self":[{"href":"https:\/\/befolocarole.com\/en\/wp-json\/wp\/v2\/pages\/642","targetHints":{"allow":["GET"]}}],"collection":[{"href":"https:\/\/befolocarole.com\/en\/wp-json\/wp\/v2\/pages"}],"about":[{"href":"https:\/\/befolocarole.com\/en\/wp-json\/wp\/v2\/types\/page"}],"author":[{"embeddable":true,"href":"https:\/\/befolocarole.com\/en\/wp-json\/wp\/v2\/users\/1"}],"replies":[{"embeddable":true,"href":"https:\/\/befolocarole.com\/en\/wp-json\/wp\/v2\/comments?post=642"}],"version-history":[{"count":104,"href":"https:\/\/befolocarole.com\/en\/wp-json\/wp\/v2\/pages\/642\/revisions"}],"predecessor-version":[{"id":1501,"href":"https:\/\/befolocarole.com\/en\/wp-json\/wp\/v2\/pages\/642\/revisions\/1501"}],"wp:attachment":[{"href":"https:\/\/befolocarole.com\/en\/wp-json\/wp\/v2\/media?parent=642"}],"curies":[{"name":"wp","href":"https:\/\/api.w.org\/{rel}","templated":true}]}}