{"id":614,"date":"2024-06-18T10:30:26","date_gmt":"2024-06-18T10:30:26","guid":{"rendered":"https:\/\/befolocarole.com\/?page_id=614"},"modified":"2024-06-18T10:30:27","modified_gmt":"2024-06-18T10:30:27","slug":"politique-de-cookies","status":"publish","type":"page","link":"https:\/\/befolocarole.com\/en\/politique-de-cookies","title":{"rendered":"Politique de cookies"},"content":{"rendered":"<p><strong>POLITIQUE DE COOKIES<\/strong><\/p>\n\n\n\n<p><strong>INTRODUCTION<\/strong><\/p>\n\n\n\n<p>Le site&nbsp;<a href=\"https:\/\/befolocarole.com\/en\/\"><strong>www.befolocarole.com<\/strong><\/a>, appartenant \u00e0 Carole Befolo, utilise des cookies pour am\u00e9liorer l\u2019exp\u00e9rience de l\u2019utilisateur et optimiser le service. Cette politique explique ce que sont les cookies, comment nous les utilisons et comment les g\u00e9rer.<\/p>\n\n\n\n<p><strong>QU\u2019EST-CE QU\u2019UN COOKIE ?<\/strong><\/p>\n\n\n\n<p>Un cookie est un petit fichier texte stock\u00e9 sur votre ordinateur ou appareil mobile lorsque vous visitez un site web. Il permet au site de se souvenir de vos actions et pr\u00e9f\u00e9rences (telles que la connexion, la langue, la taille de la police et d\u2019autres pr\u00e9f\u00e9rences d\u2019affichage) pendant un certain temps.<\/p>\n\n\n\n<p><strong>UTILISATION DES COOKIES<\/strong><\/p>\n\n\n\n<p>Sur&nbsp;<a href=\"https:\/\/befolocarole.com\/en\/\"><strong>www.befolocarole.com<\/strong><\/a>, nous utilisons des cookies pour :<\/p>\n\n\n\n<ul class=\"wp-block-list\">\n<li>M\u00e9moriser vos pr\u00e9f\u00e9rences de navigation et de r\u00e9servation.<\/li>\n\n\n\n<li>Collecter des informations analytiques pour am\u00e9liorer le site et nos services.<\/li>\n\n\n\n<li>Offrir une exp\u00e9rience plus personnalis\u00e9e.<\/li>\n<\/ul>\n\n\n\n<p><strong>TYPES DE COOKIES UTILIS\u00c9S<\/strong><\/p>\n\n\n\n<ul class=\"wp-block-list\">\n<li><strong>Cookies Essentiels\u00a0:<\/strong>\u00a0N\u00e9cessaires pour le fonctionnement du site. Ils incluent, par exemple, les cookies qui vous permettent de vous connecter aux zones s\u00e9curis\u00e9es de notre site.<\/li>\n\n\n\n<li><strong>Cookies Analytiques\u00a0:<\/strong>\u00a0Aident \u00e0 comprendre comment les visiteurs interagissent avec le site, en collectant et rapportant des informations de mani\u00e8re anonyme.<\/li>\n\n\n\n<li><strong>Cookies Fonctionnels\u00a0:<\/strong>\u00a0Permettent d\u2019am\u00e9liorer la fonctionnalit\u00e9 et la personnalisation, comme la m\u00e9morisation de vos pr\u00e9f\u00e9rences.<\/li>\n<\/ul>\n\n\n\n<p><strong>GESTION DES COOKIES<\/strong><\/p>\n\n\n\n<p>Vous avez le droit de choisir d\u2019accepter ou de refuser les cookies. La plupart des navigateurs web acceptent automatiquement les cookies, mais vous pouvez g\u00e9n\u00e9ralement modifier les param\u00e8tres de votre navigateur pour refuser les cookies si vous pr\u00e9f\u00e9rez. Cela peut toutefois vous emp\u00eacher de profiter pleinement du site.<\/p>\n\n\n\n<p><strong>MODIFICATIONS DE LA POLITIQUE DE COOKIES<\/strong><\/p>\n\n\n\n<p>Nous pouvons mettre \u00e0 jour cette politique de cookies de temps en temps. Toute modification sera affich\u00e9e sur cette page.<\/p>\n\n\n\n<p><strong>NOUS CONTACTER<\/strong><\/p>\n\n\n\n<p>Pour toute question relative \u00e0 cette politique de cookies, veuillez contacter Carole Befolo \u00e0&nbsp;<a href=\"mailto:contact@befolocarole.com\"><strong>contact@befolocarole.com<\/strong><\/a>.<\/p>","protected":false},"excerpt":{"rendered":"<p>POLITIQUE DE COOKIES INTRODUCTION Le site&nbsp;www.befolocarole.com, appartenant \u00e0 Carole Befolo, utilise des cookies pour am\u00e9liorer l\u2019exp\u00e9rience de l\u2019utilisateur et optimiser le service. Cette politique explique ce que sont les cookies, comment nous les utilisons et comment les g\u00e9rer. QU\u2019EST-CE QU\u2019UN COOKIE ? Un cookie est un petit fichier texte stock\u00e9 sur votre ordinateur ou appareil [&hellip;]<\/p>\n","protected":false},"author":1,"featured_media":0,"parent":0,"menu_order":0,"comment_status":"closed","ping_status":"closed","template":"","meta":{"_et_pb_use_builder":"off","_et_pb_old_content":"","_et_gb_content_width":"","footnotes":""},"class_list":["post-614","page","type-page","status-publish","hentry"],"jetpack_sharing_enabled":true,"_links":{"self":[{"href":"https:\/\/befolocarole.com\/en\/wp-json\/wp\/v2\/pages\/614","targetHints":{"allow":["GET"]}}],"collection":[{"href":"https:\/\/befolocarole.com\/en\/wp-json\/wp\/v2\/pages"}],"about":[{"href":"https:\/\/befolocarole.com\/en\/wp-json\/wp\/v2\/types\/page"}],"author":[{"embeddable":true,"href":"https:\/\/befolocarole.com\/en\/wp-json\/wp\/v2\/users\/1"}],"replies":[{"embeddable":true,"href":"https:\/\/befolocarole.com\/en\/wp-json\/wp\/v2\/comments?post=614"}],"version-history":[{"count":2,"href":"https:\/\/befolocarole.com\/en\/wp-json\/wp\/v2\/pages\/614\/revisions"}],"predecessor-version":[{"id":619,"href":"https:\/\/befolocarole.com\/en\/wp-json\/wp\/v2\/pages\/614\/revisions\/619"}],"wp:attachment":[{"href":"https:\/\/befolocarole.com\/en\/wp-json\/wp\/v2\/media?parent=614"}],"curies":[{"name":"wp","href":"https:\/\/api.w.org\/{rel}","templated":true}]}}