{"id":608,"date":"2024-06-18T10:22:19","date_gmt":"2024-06-18T10:22:19","guid":{"rendered":"https:\/\/befolocarole.com\/?page_id=608"},"modified":"2024-06-18T10:22:20","modified_gmt":"2024-06-18T10:22:20","slug":"mentions-legales","status":"publish","type":"page","link":"https:\/\/befolocarole.com\/en\/mentions-legales","title":{"rendered":"Mentions l\u00e9gales"},"content":{"rendered":"<p><strong>SOCI\u00c9T\u00c9 \u00c9DITRICE<\/strong><\/p>\n\n\n\n<p><strong>Nom:<\/strong>&nbsp;CAROLE BEFOLO<strong><br>Forme Juridique:<\/strong>&nbsp;Entrepreneur Individuel<br><strong>Si\u00e8ge Social:<\/strong>&nbsp;9 Rue Jean Jaur\u00e8s, 74100 Ville-la-Grand<br><strong>RCS:<\/strong>&nbsp;Thonon les Bains<br><strong>SIRET:<\/strong>&nbsp;883 516 965<br><strong>Email:<\/strong>&nbsp;<a href=\"mailto:contact@befolocarole.com\"><strong>contact@befolocarole.com<\/strong><\/a><br><strong>URL du Site:<\/strong>&nbsp;<a href=\"https:\/\/befolocarole.com\/en\/\"><strong>www.befolocarole.com<\/strong><\/a><\/p>\n\n\n\n<p><strong>PROPRI\u00c9T\u00c9 INTELLECTUELLE<\/strong><\/p>\n\n\n\n<p>L\u2019ensemble des contenus pr\u00e9sents sur le site&nbsp;<a href=\"https:\/\/befolocarole.com\/en\/\"><strong>www.befolocarole.com<\/strong><\/a>, incluant textes, images, graphismes, logo, ic\u00f4nes, sons, logiciels, est la propri\u00e9t\u00e9 de Carole Befolo ou de ses partenaires et est prot\u00e9g\u00e9 par les lois fran\u00e7aises et internationales relatives \u00e0 la propri\u00e9t\u00e9 intellectuelle. Toute reproduction, repr\u00e9sentation, modification, publication, adaptation de tout ou partie des \u00e9l\u00e9ments du site, quel que soit le moyen ou le proc\u00e9d\u00e9 utilis\u00e9, est interdite, sauf autorisation \u00e9crite pr\u00e9alable de Carole Befolo.<\/p>\n\n\n\n<p><strong>RESPONSABILIT\u00c9<\/strong><\/p>\n\n\n\n<p>La soci\u00e9t\u00e9 Carole Befolo ne peut \u00eatre tenue responsable des dommages directs et indirects caus\u00e9s au mat\u00e9riel de l\u2019utilisateur lors de l\u2019acc\u00e8s au site&nbsp;<a href=\"https:\/\/befolocarole.com\/en\/\"><strong>www.befolocarole.com<\/strong><\/a>. Des informations exactes et \u00e0 jour sont fournies, mais des erreurs ou omissions peuvent survenir. L\u2019utilisateur doit donc s\u2019assurer de l\u2019exactitude des informations aupr\u00e8s de Carole Befolo, et signaler toute modification du site qu\u2019il jugerait utile.<\/p>\n\n\n\n<p><strong>GESTION DES DONN\u00c9ES PERSONNELLES<\/strong><\/p>\n\n\n\n<p>Les informations personnelles collect\u00e9es sur le site sont uniquement destin\u00e9es \u00e0 la gestion des demandes et \u00e0 la communication interne de Carole Befolo. Conform\u00e9ment \u00e0 la loi \u00ab informatique et libert\u00e9s \u00bb du 6 janvier 1978 modifi\u00e9e en 2004, l\u2019utilisateur b\u00e9n\u00e9ficie d\u2019un droit d\u2019acc\u00e8s et de rectification aux informations le concernant, droit qu\u2019il peut exercer en s\u2019adressant \u00e0&nbsp;<a href=\"mailto:contact@befolocarole.com\"><strong>contact@befolocarole.com<\/strong><\/a>.<\/p>\n\n\n\n<p><strong>LIENS HYPERTEXTES ET COOKIES<\/strong><\/p>\n\n\n\n<p>Le site&nbsp;<a href=\"https:\/\/befolocarole.com\/en\/\"><strong>www.befolocarole.com<\/strong><\/a>&nbsp;contient un certain nombre de liens hypertextes vers d\u2019autres sites, mis en place avec l\u2019autorisation de Carole Befolo. Cependant, Carole Befolo n\u2019a pas la possibilit\u00e9 de v\u00e9rifier le contenu des sites ainsi visit\u00e9s, et n\u2019assumera en cons\u00e9quence aucune responsabilit\u00e9 de ce fait. La navigation sur le site&nbsp;<a href=\"https:\/\/befolocarole.com\/en\/\"><strong>www.befolocarole.com<\/strong><\/a>&nbsp;est susceptible de provoquer l\u2019installation de cookie(s) sur l\u2019ordinateur de l\u2019utilisateur.<\/p>","protected":false},"excerpt":{"rendered":"<p>SOCI\u00c9T\u00c9 \u00c9DITRICE Nom:&nbsp;CAROLE BEFOLOForme Juridique:&nbsp;Entrepreneur IndividuelSi\u00e8ge Social:&nbsp;9 Rue Jean Jaur\u00e8s, 74100 Ville-la-GrandRCS:&nbsp;Thonon les BainsSIRET:&nbsp;883 516 965Email:&nbsp;contact@befolocarole.comURL du Site:&nbsp;www.befolocarole.com PROPRI\u00c9T\u00c9 INTELLECTUELLE L\u2019ensemble des contenus pr\u00e9sents sur le site&nbsp;www.befolocarole.com, incluant textes, images, graphismes, logo, ic\u00f4nes, sons, logiciels, est la propri\u00e9t\u00e9 de Carole Befolo ou de ses partenaires et est prot\u00e9g\u00e9 par les lois fran\u00e7aises et internationales relatives [&hellip;]<\/p>\n","protected":false},"author":1,"featured_media":0,"parent":0,"menu_order":0,"comment_status":"closed","ping_status":"closed","template":"","meta":{"_et_pb_use_builder":"off","_et_pb_old_content":"","_et_gb_content_width":"","footnotes":""},"class_list":["post-608","page","type-page","status-publish","hentry"],"jetpack_sharing_enabled":true,"_links":{"self":[{"href":"https:\/\/befolocarole.com\/en\/wp-json\/wp\/v2\/pages\/608","targetHints":{"allow":["GET"]}}],"collection":[{"href":"https:\/\/befolocarole.com\/en\/wp-json\/wp\/v2\/pages"}],"about":[{"href":"https:\/\/befolocarole.com\/en\/wp-json\/wp\/v2\/types\/page"}],"author":[{"embeddable":true,"href":"https:\/\/befolocarole.com\/en\/wp-json\/wp\/v2\/users\/1"}],"replies":[{"embeddable":true,"href":"https:\/\/befolocarole.com\/en\/wp-json\/wp\/v2\/comments?post=608"}],"version-history":[{"count":1,"href":"https:\/\/befolocarole.com\/en\/wp-json\/wp\/v2\/pages\/608\/revisions"}],"predecessor-version":[{"id":609,"href":"https:\/\/befolocarole.com\/en\/wp-json\/wp\/v2\/pages\/608\/revisions\/609"}],"wp:attachment":[{"href":"https:\/\/befolocarole.com\/en\/wp-json\/wp\/v2\/media?parent=608"}],"curies":[{"name":"wp","href":"https:\/\/api.w.org\/{rel}","templated":true}]}}